{"id":283,"date":"2024-12-30T13:01:09","date_gmt":"2024-12-30T10:01:09","guid":{"rendered":"https:\/\/eekip.com\/donmezgida\/?post_type=product&#038;p=283"},"modified":"2024-12-30T15:08:02","modified_gmt":"2024-12-30T12:08:02","slug":"seyidoglu-tahin-5kg","status":"publish","type":"product","link":"https:\/\/donmezgida.com.tr\/index.php\/urun\/seyidoglu-tahin-5kg\/","title":{"rendered":"SEY\u0130DO\u011eLU TAH\u0130N 5KG"},"content":{"rendered":"","protected":false},"excerpt":{"rendered":"","protected":false},"featured_media":296,"comment_status":"open","ping_status":"closed","template":"","meta":[],"pwb-brand":[241],"product_brand":[],"product_cat":[15],"product_tag":[260],"class_list":{"0":"post-283","1":"product","2":"type-product","3":"status-publish","4":"has-post-thumbnail","6":"pwb-brand-seyidoglu","7":"product_cat-tereyagi","8":"product_tag-seyidoglu-tahin-5kg","10":"first","11":"instock","12":"shipping-taxable","13":"product-type-simple"},"brands":[{"id":241,"name":"Seyido\u011flu","slug":"seyidoglu"}],"_links":{"self":[{"href":"https:\/\/donmezgida.com.tr\/index.php\/wp-json\/wp\/v2\/product\/283","targetHints":{"allow":["GET"]}}],"collection":[{"href":"https:\/\/donmezgida.com.tr\/index.php\/wp-json\/wp\/v2\/product"}],"about":[{"href":"https:\/\/donmezgida.com.tr\/index.php\/wp-json\/wp\/v2\/types\/product"}],"replies":[{"embeddable":true,"href":"https:\/\/donmezgida.com.tr\/index.php\/wp-json\/wp\/v2\/comments?post=283"}],"wp:featuredmedia":[{"embeddable":true,"href":"https:\/\/donmezgida.com.tr\/index.php\/wp-json\/wp\/v2\/media\/296"}],"wp:attachment":[{"href":"https:\/\/donmezgida.com.tr\/index.php\/wp-json\/wp\/v2\/media?parent=283"}],"wp:term":[{"taxonomy":"pwb-brand","embeddable":true,"href":"https:\/\/donmezgida.com.tr\/index.php\/wp-json\/wp\/v2\/pwb-brand?post=283"},{"taxonomy":"product_brand","embeddable":true,"href":"https:\/\/donmezgida.com.tr\/index.php\/wp-json\/wp\/v2\/product_brand?post=283"},{"taxonomy":"product_cat","embeddable":true,"href":"https:\/\/donmezgida.com.tr\/index.php\/wp-json\/wp\/v2\/product_cat?post=283"},{"taxonomy":"product_tag","embeddable":true,"href":"https:\/\/donmezgida.com.tr\/index.php\/wp-json\/wp\/v2\/product_tag?post=283"}],"curies":[{"name":"wp","href":"https:\/\/api.w.org\/{rel}","templated":true}]}}