{"id":7,"date":"2024-12-26T23:41:14","date_gmt":"2024-12-26T20:41:14","guid":{"rendered":"https:\/\/eekip.com\/donmezgida\/index.php\/sepet\/"},"modified":"2024-12-26T23:41:14","modified_gmt":"2024-12-26T20:41:14","slug":"sepet","status":"publish","type":"page","link":"https:\/\/donmezgida.com.tr\/index.php\/sepet\/","title":{"rendered":"Sepet"},"content":{"rendered":"\n<div data-block-name=\"woocommerce\/cart\" class=\"wp-block-woocommerce-cart alignwide is-loading\">\n<div data-block-name=\"woocommerce\/filled-cart-block\" class=\"wp-block-woocommerce-filled-cart-block\">\n<div data-block-name=\"woocommerce\/cart-items-block\" class=\"wp-block-woocommerce-cart-items-block\">\n<div data-block-name=\"woocommerce\/cart-line-items-block\" class=\"wp-block-woocommerce-cart-line-items-block\"><\/div>\n\n\n\n<div data-block-name=\"woocommerce\/cart-cross-sells-block\" class=\"wp-block-woocommerce-cart-cross-sells-block\">\n<h2 class=\"wp-block-heading has-large-font-size\">\u0130lginizi \u00e7ekebilir\u2026<\/h2>\n\n\n\n<div data-block-name=\"woocommerce\/cart-cross-sells-products-block\" class=\"wp-block-woocommerce-cart-cross-sells-products-block\"><\/div>\n<\/div>\n<\/div>\n\n\n\n<div data-block-name=\"woocommerce\/cart-totals-block\" class=\"wp-block-woocommerce-cart-totals-block\">\n<div data-block-name=\"woocommerce\/cart-order-summary-block\" class=\"wp-block-woocommerce-cart-order-summary-block\">\n<div data-block-name=\"woocommerce\/cart-order-summary-heading-block\" class=\"wp-block-woocommerce-cart-order-summary-heading-block\"><\/div><div data-block-name=\"woocommerce\/cart-order-summary-coupon-form-block\" class=\"wp-block-woocommerce-cart-order-summary-coupon-form-block\"><\/div><div data-block-name=\"woocommerce\/cart-order-summary-totals-block\" class=\"wp-block-woocommerce-cart-order-summary-totals-block\">\n<div data-block-name=\"woocommerce\/cart-order-summary-subtotal-block\" class=\"wp-block-woocommerce-cart-order-summary-subtotal-block\"><\/div>\n<div data-block-name=\"woocommerce\/cart-order-summary-discount-block\" class=\"wp-block-woocommerce-cart-order-summary-discount-block\"><\/div>\n<div data-block-name=\"woocommerce\/cart-order-summary-fee-block\" class=\"wp-block-woocommerce-cart-order-summary-fee-block\"><\/div>\n<div data-block-name=\"woocommerce\/cart-order-summary-shipping-block\" class=\"wp-block-woocommerce-cart-order-summary-shipping-block\"><\/div>\n<div data-block-name=\"woocommerce\/cart-order-summary-taxes-block\" class=\"wp-block-woocommerce-cart-order-summary-taxes-block\"><\/div><\/div>\n<\/div>\n\n\n\n<div data-block-name=\"woocommerce\/cart-express-payment-block\" class=\"wp-block-woocommerce-cart-express-payment-block\"><\/div>\n\n\n\n<div data-block-name=\"woocommerce\/proceed-to-checkout-block\" class=\"wp-block-woocommerce-proceed-to-checkout-block\"><\/div>\n\n\n\n<div data-block-name=\"woocommerce\/cart-accepted-payment-methods-block\" class=\"wp-block-woocommerce-cart-accepted-payment-methods-block\"><\/div>\n<\/div>\n<\/div>\n\n\n\n<div data-block-name=\"woocommerce\/empty-cart-block\" class=\"wp-block-woocommerce-empty-cart-block\">\n<h2 class=\"wp-block-heading has-text-align-center with-empty-cart-icon wc-block-cart__empty-cart__title\">Sepetiniz \u015fu anda bo\u015f!<\/h2>\n\n\n\n<hr class=\"wp-block-separator has-alpha-channel-opacity is-style-dots\"\/>\n\n\n\n<h2 class=\"wp-block-heading has-text-align-center\">Ma\u011fazada yeni<\/h2>\n\n\n<div data-block-name=\"woocommerce\/product-new\" data-columns=\"4\" data-rows=\"1\" class=\"wc-block-grid wp-block-product-new wp-block-woocommerce-product-new wc-block-product-new has-4-columns\"><ul class=\"wc-block-grid__products\"><li class=\"wc-block-grid__product\">\n\t\t\t\t<a href=\"https:\/\/donmezgida.com.tr\/index.php\/urun\/donmez-tam-yagli-dil-peyniri-500-gr\/\" class=\"wc-block-grid__product-link\">\n\t\t\t\t\t\n\t\t\t\t\t<div class=\"wc-block-grid__product-image\"><img loading=\"lazy\" decoding=\"async\" width=\"300\" height=\"300\" src=\"https:\/\/donmezgida.com.tr\/wp-content\/uploads\/2025\/02\/dilPeyniri-300x300.png\" class=\"attachment-woocommerce_thumbnail size-woocommerce_thumbnail\" alt=\"D\u00d6NMEZ TAM YA\u011eLI D\u0130L PEYN\u0130R\u0130 500 GR\" srcset=\"https:\/\/donmezgida.com.tr\/wp-content\/uploads\/2025\/02\/dilPeyniri-300x300.png 300w, https:\/\/donmezgida.com.tr\/wp-content\/uploads\/2025\/02\/dilPeyniri-1024x1024.png 1024w, https:\/\/donmezgida.com.tr\/wp-content\/uploads\/2025\/02\/dilPeyniri-150x150.png 150w, https:\/\/donmezgida.com.tr\/wp-content\/uploads\/2025\/02\/dilPeyniri-768x768.png 768w, https:\/\/donmezgida.com.tr\/wp-content\/uploads\/2025\/02\/dilPeyniri-600x600.png 600w, https:\/\/donmezgida.com.tr\/wp-content\/uploads\/2025\/02\/dilPeyniri-100x100.png 100w, https:\/\/donmezgida.com.tr\/wp-content\/uploads\/2025\/02\/dilPeyniri.png 1080w\" sizes=\"auto, (max-width: 300px) 100vw, 300px\" \/><\/div>\n\t\t\t\t\t<div class=\"wc-block-grid__product-title\">D\u00d6NMEZ TAM YA\u011eLI D\u0130L PEYN\u0130R\u0130 500 GR<\/div>\n\t\t\t\t<\/a>\n\t\t\t\t<div class=\"wc-block-grid__product-price price\"><\/div>\n\t\t\t\t\n\t\t\t\t<div class=\"wp-block-button wc-block-grid__product-add-to-cart\"><a href=\"https:\/\/donmezgida.com.tr\/index.php\/urun\/donmez-tam-yagli-dil-peyniri-500-gr\/\" aria-label=\"&ldquo;D\u00d6NMEZ TAM YA\u011eLI D\u0130L PEYN\u0130R\u0130 500 GR&rdquo; hakk\u0131nda daha fazla bilgi edinin\" data-quantity=\"1\" data-product_id=\"969\" data-product_sku=\"\" data-price=\"0\" rel=\"nofollow\" class=\"wp-block-button__link  add_to_cart_button\">Devam\u0131n\u0131 oku<\/a><\/div>\n\t\t\t<\/li><li class=\"wc-block-grid__product\">\n\t\t\t\t<a href=\"https:\/\/donmezgida.com.tr\/index.php\/urun\/donmez-tam-yagli-taze-dilimli-tost-peyniri-1000-gr\/\" class=\"wc-block-grid__product-link\">\n\t\t\t\t\t\n\t\t\t\t\t<div class=\"wc-block-grid__product-image\"><img loading=\"lazy\" decoding=\"async\" width=\"300\" height=\"300\" src=\"https:\/\/donmezgida.com.tr\/wp-content\/uploads\/2025\/02\/tamyaglitaze1000-300x300.png\" class=\"attachment-woocommerce_thumbnail size-woocommerce_thumbnail\" alt=\"D\u00d6NMEZ TAM YA\u011eLI TAZE D\u0130L\u0130ML\u0130 TOST PEYN\u0130R\u0130 1000 GR\" srcset=\"https:\/\/donmezgida.com.tr\/wp-content\/uploads\/2025\/02\/tamyaglitaze1000-300x300.png 300w, https:\/\/donmezgida.com.tr\/wp-content\/uploads\/2025\/02\/tamyaglitaze1000-1024x1024.png 1024w, https:\/\/donmezgida.com.tr\/wp-content\/uploads\/2025\/02\/tamyaglitaze1000-150x150.png 150w, https:\/\/donmezgida.com.tr\/wp-content\/uploads\/2025\/02\/tamyaglitaze1000-768x768.png 768w, https:\/\/donmezgida.com.tr\/wp-content\/uploads\/2025\/02\/tamyaglitaze1000-600x600.png 600w, https:\/\/donmezgida.com.tr\/wp-content\/uploads\/2025\/02\/tamyaglitaze1000-100x100.png 100w, https:\/\/donmezgida.com.tr\/wp-content\/uploads\/2025\/02\/tamyaglitaze1000.png 1080w\" sizes=\"auto, (max-width: 300px) 100vw, 300px\" \/><\/div>\n\t\t\t\t\t<div class=\"wc-block-grid__product-title\">D\u00d6NMEZ TAM YA\u011eLI TAZE D\u0130L\u0130ML\u0130 TOST PEYN\u0130R\u0130 1000 GR<\/div>\n\t\t\t\t<\/a>\n\t\t\t\t<div class=\"wc-block-grid__product-price price\"><\/div>\n\t\t\t\t\n\t\t\t\t<div class=\"wp-block-button wc-block-grid__product-add-to-cart\"><a href=\"https:\/\/donmezgida.com.tr\/index.php\/urun\/donmez-tam-yagli-taze-dilimli-tost-peyniri-1000-gr\/\" aria-label=\"&ldquo;D\u00d6NMEZ TAM YA\u011eLI TAZE D\u0130L\u0130ML\u0130 TOST PEYN\u0130R\u0130 1000 GR&rdquo; hakk\u0131nda daha fazla bilgi edinin\" data-quantity=\"1\" data-product_id=\"967\" data-product_sku=\"\" data-price=\"0\" rel=\"nofollow\" class=\"wp-block-button__link  add_to_cart_button\">Devam\u0131n\u0131 oku<\/a><\/div>\n\t\t\t<\/li><li class=\"wc-block-grid__product\">\n\t\t\t\t<a href=\"https:\/\/donmezgida.com.tr\/index.php\/urun\/donmez-yarim-yagli-eritme-peyniri-1000-gr\/\" class=\"wc-block-grid__product-link\">\n\t\t\t\t\t\n\t\t\t\t\t<div class=\"wc-block-grid__product-image\"><img loading=\"lazy\" decoding=\"async\" width=\"300\" height=\"300\" src=\"https:\/\/donmezgida.com.tr\/wp-content\/uploads\/2025\/02\/donmez1000-300x300.png\" class=\"attachment-woocommerce_thumbnail size-woocommerce_thumbnail\" alt=\"D\u00d6NMEZ YARIM YA\u011eLI ER\u0130TME PEYN\u0130R\u0130 1000 GR\" srcset=\"https:\/\/donmezgida.com.tr\/wp-content\/uploads\/2025\/02\/donmez1000-300x300.png 300w, https:\/\/donmezgida.com.tr\/wp-content\/uploads\/2025\/02\/donmez1000-1024x1024.png 1024w, https:\/\/donmezgida.com.tr\/wp-content\/uploads\/2025\/02\/donmez1000-150x150.png 150w, https:\/\/donmezgida.com.tr\/wp-content\/uploads\/2025\/02\/donmez1000-768x768.png 768w, https:\/\/donmezgida.com.tr\/wp-content\/uploads\/2025\/02\/donmez1000-600x600.png 600w, https:\/\/donmezgida.com.tr\/wp-content\/uploads\/2025\/02\/donmez1000-100x100.png 100w, https:\/\/donmezgida.com.tr\/wp-content\/uploads\/2025\/02\/donmez1000.png 1080w\" sizes=\"auto, (max-width: 300px) 100vw, 300px\" \/><\/div>\n\t\t\t\t\t<div class=\"wc-block-grid__product-title\">D\u00d6NMEZ YARIM YA\u011eLI ER\u0130TME PEYN\u0130R\u0130 1000 GR<\/div>\n\t\t\t\t<\/a>\n\t\t\t\t<div class=\"wc-block-grid__product-price price\"><\/div>\n\t\t\t\t\n\t\t\t\t<div class=\"wp-block-button wc-block-grid__product-add-to-cart\"><a href=\"https:\/\/donmezgida.com.tr\/index.php\/urun\/donmez-yarim-yagli-eritme-peyniri-1000-gr\/\" aria-label=\"&ldquo;D\u00d6NMEZ YARIM YA\u011eLI ER\u0130TME PEYN\u0130R\u0130 1000 GR&rdquo; hakk\u0131nda daha fazla bilgi edinin\" data-quantity=\"1\" data-product_id=\"966\" data-product_sku=\"\" data-price=\"0\" rel=\"nofollow\" class=\"wp-block-button__link  add_to_cart_button\">Devam\u0131n\u0131 oku<\/a><\/div>\n\t\t\t<\/li><li class=\"wc-block-grid__product\">\n\t\t\t\t<a href=\"https:\/\/donmezgida.com.tr\/index.php\/urun\/donmez-tam-yagli-taze-tost-peyniri\/\" class=\"wc-block-grid__product-link\">\n\t\t\t\t\t\n\t\t\t\t\t<div class=\"wc-block-grid__product-image\"><img loading=\"lazy\" decoding=\"async\" width=\"300\" height=\"300\" src=\"https:\/\/donmezgida.com.tr\/wp-content\/uploads\/2025\/02\/kasar2000-300x300.png\" class=\"attachment-woocommerce_thumbnail size-woocommerce_thumbnail\" alt=\"D\u00d6NMEZ TAM YA\u011eLI TAZE TOST PEYN\u0130R\u0130 2000 GR\" srcset=\"https:\/\/donmezgida.com.tr\/wp-content\/uploads\/2025\/02\/kasar2000-300x300.png 300w, https:\/\/donmezgida.com.tr\/wp-content\/uploads\/2025\/02\/kasar2000-1024x1024.png 1024w, https:\/\/donmezgida.com.tr\/wp-content\/uploads\/2025\/02\/kasar2000-150x150.png 150w, https:\/\/donmezgida.com.tr\/wp-content\/uploads\/2025\/02\/kasar2000-768x768.png 768w, https:\/\/donmezgida.com.tr\/wp-content\/uploads\/2025\/02\/kasar2000-600x600.png 600w, https:\/\/donmezgida.com.tr\/wp-content\/uploads\/2025\/02\/kasar2000-100x100.png 100w, https:\/\/donmezgida.com.tr\/wp-content\/uploads\/2025\/02\/kasar2000.png 1080w\" sizes=\"auto, (max-width: 300px) 100vw, 300px\" \/><\/div>\n\t\t\t\t\t<div class=\"wc-block-grid__product-title\">D\u00d6NMEZ TAM YA\u011eLI TAZE TOST PEYN\u0130R\u0130 2000 GR<\/div>\n\t\t\t\t<\/a>\n\t\t\t\t<div class=\"wc-block-grid__product-price price\"><\/div>\n\t\t\t\t\n\t\t\t\t<div class=\"wp-block-button wc-block-grid__product-add-to-cart\"><a href=\"https:\/\/donmezgida.com.tr\/index.php\/urun\/donmez-tam-yagli-taze-tost-peyniri\/\" aria-label=\"&ldquo;D\u00d6NMEZ TAM YA\u011eLI TAZE TOST PEYN\u0130R\u0130 2000 GR&rdquo; hakk\u0131nda daha fazla bilgi edinin\" data-quantity=\"1\" data-product_id=\"964\" data-product_sku=\"\" data-price=\"0\" rel=\"nofollow\" class=\"wp-block-button__link  add_to_cart_button\">Devam\u0131n\u0131 oku<\/a><\/div>\n\t\t\t<\/li><\/ul><\/div><\/div>\n<\/div>\n","protected":false},"excerpt":{"rendered":"","protected":false},"author":1,"featured_media":0,"parent":0,"menu_order":0,"comment_status":"closed","ping_status":"closed","template":"","meta":{"footnotes":""},"class_list":["post-7","page","type-page","status-publish","hentry"],"_links":{"self":[{"href":"https:\/\/donmezgida.com.tr\/index.php\/wp-json\/wp\/v2\/pages\/7","targetHints":{"allow":["GET"]}}],"collection":[{"href":"https:\/\/donmezgida.com.tr\/index.php\/wp-json\/wp\/v2\/pages"}],"about":[{"href":"https:\/\/donmezgida.com.tr\/index.php\/wp-json\/wp\/v2\/types\/page"}],"author":[{"embeddable":true,"href":"https:\/\/donmezgida.com.tr\/index.php\/wp-json\/wp\/v2\/users\/1"}],"replies":[{"embeddable":true,"href":"https:\/\/donmezgida.com.tr\/index.php\/wp-json\/wp\/v2\/comments?post=7"}],"version-history":[{"count":0,"href":"https:\/\/donmezgida.com.tr\/index.php\/wp-json\/wp\/v2\/pages\/7\/revisions"}],"wp:attachment":[{"href":"https:\/\/donmezgida.com.tr\/index.php\/wp-json\/wp\/v2\/media?parent=7"}],"curies":[{"name":"wp","href":"https:\/\/api.w.org\/{rel}","templated":true}]}}